{"id":53,"date":"2019-11-07T00:31:11","date_gmt":"2019-11-06T23:31:11","guid":{"rendered":"http:\/\/ecole-sainte-therese.be\/?page_id=53"},"modified":"2020-12-01T14:41:27","modified_gmt":"2020-12-01T13:41:27","slug":"documents-a-telecharger","status":"publish","type":"page","link":"https:\/\/ecole-sainte-therese.be\/index.php\/documents-a-telecharger\/","title":{"rendered":"Documents \u00e0 t\u00e9l\u00e9charger"},"content":{"rendered":"<p><a href=\"http:\/\/ecole-sainte-therese.be\/wp-content\/uploads\/2020\/12\/Classes-D\u00e9cou-vertes-2021.pptx\">Classes D\u00e9cou-vertes 2021<\/a><\/p>\n<p><a href=\"http:\/\/ecole-sainte-therese.be\/wp-content\/uploads\/2020\/08\/justificatif-absences-2020-2021.pdf\">justificatif absences 2020-2021<\/a><\/p>\n<p><a href=\"http:\/\/ecole-sainte-therese.be\/wp-content\/uploads\/2020\/06\/Fiche-dinscription-converti.pdf\">Fiche d&rsquo;inscription \u00e9l\u00e8ve<\/a><\/p>\n","protected":false},"excerpt":{"rendered":"<p>Classes D\u00e9cou-vertes 2021 justificatif absences 2020-2021 Fiche d&rsquo;inscription \u00e9l\u00e8ve<\/p>\n","protected":false},"author":1,"featured_media":773,"parent":0,"menu_order":0,"comment_status":"closed","ping_status":"closed","template":"","meta":{"footnotes":""},"class_list":["post-53","page","type-page","status-publish","has-post-thumbnail","hentry","nodate","item-wrap"],"_links":{"self":[{"href":"https:\/\/ecole-sainte-therese.be\/index.php\/wp-json\/wp\/v2\/pages\/53","targetHints":{"allow":["GET"]}}],"collection":[{"href":"https:\/\/ecole-sainte-therese.be\/index.php\/wp-json\/wp\/v2\/pages"}],"about":[{"href":"https:\/\/ecole-sainte-therese.be\/index.php\/wp-json\/wp\/v2\/types\/page"}],"author":[{"embeddable":true,"href":"https:\/\/ecole-sainte-therese.be\/index.php\/wp-json\/wp\/v2\/users\/1"}],"replies":[{"embeddable":true,"href":"https:\/\/ecole-sainte-therese.be\/index.php\/wp-json\/wp\/v2\/comments?post=53"}],"version-history":[{"count":19,"href":"https:\/\/ecole-sainte-therese.be\/index.php\/wp-json\/wp\/v2\/pages\/53\/revisions"}],"predecessor-version":[{"id":806,"href":"https:\/\/ecole-sainte-therese.be\/index.php\/wp-json\/wp\/v2\/pages\/53\/revisions\/806"}],"wp:featuredmedia":[{"embeddable":true,"href":"https:\/\/ecole-sainte-therese.be\/index.php\/wp-json\/wp\/v2\/media\/773"}],"wp:attachment":[{"href":"https:\/\/ecole-sainte-therese.be\/index.php\/wp-json\/wp\/v2\/media?parent=53"}],"curies":[{"name":"wp","href":"https:\/\/api.w.org\/{rel}","templated":true}]}}