{"id":25,"date":"2019-11-07T00:14:28","date_gmt":"2019-11-06T23:14:28","guid":{"rendered":"http:\/\/ecole-sainte-therese.be\/?page_id=25"},"modified":"2024-08-30T12:00:00","modified_gmt":"2024-08-30T10:00:00","slug":"accueil","status":"publish","type":"page","link":"https:\/\/ecole-sainte-therese.be\/","title":{"rendered":"Accueil"},"content":{"rendered":"<p>&nbsp;<\/p>\n<p>&nbsp;<\/p>\n<p style=\"text-align: center;\"><span style=\"font-family: 'comic sans ms', sans-serif; font-size: 28px; color: #3366ff;\"><strong>Bonjour !<\/strong><\/span><\/p>\n<p style=\"text-align: center;\"><span style=\"text-decoration: underline;\"><span style=\"color: #3366ff; font-family: 'comic sans ms', sans-serif; font-size: 20px; text-decoration: underline;\">Pour nous contacter:<\/span><\/span><\/p>\n<p style=\"text-align: center;\"><span style=\"color: #3366ff; font-family: 'comic sans ms', sans-serif; font-size: 20px;\">T\u00e9l\u00e9phone : 071\/55.68.28<\/span><\/p>\n<p style=\"text-align: center;\"><span style=\"color: #3366ff; font-family: 'comic sans ms', sans-serif; font-size: 20px;\">G. S. M. : 0476\/83.25.83<\/span><\/p>\n<p style=\"text-align: center;\"><span style=\"color: #3366ff; font-family: 'comic sans ms', sans-serif; font-size: 20px;\">Mail: saintetherese6560@gmail.com<\/span><\/p>\n<p>&nbsp;<\/p>\n<p><span style=\"color: #3366ff; font-size: 20px; font-family: 'comic sans ms', sans-serif;\">Voici les documents de rentr\u00e9e 2024-2025:<\/span><\/p>\n<p><a href=\"http:\/\/ecole-sainte-therese.be\/wp-content\/uploads\/2024\/08\/Informations-et-reglement.pdf\">Informations et r\u00e8glement <\/a>24-25<\/p>\n<p><a href=\"http:\/\/ecole-sainte-therese.be\/wp-content\/uploads\/2024\/08\/Calendrier-24-25.pdf\">Calendrier 24-25<\/a><\/p>\n<p>&nbsp;<\/p>\n<hr \/>\n<p><span style=\"font-family: 'comic sans ms', sans-serif; font-size: 14px;\">Vous cherchez une \u00e9cole centr\u00e9e sur les besoins des enfants avec une \u00e9quipe dynamique qui s&rsquo;adapte \u00e0 toutes les situations et situ\u00e9e dans un lieu id\u00e9al pour respecter \u00e0 la lettre les consignes de s\u00e9curit\u00e9 ? N&rsquo;h\u00e9sitez plus, vous pouvez inscrire votre enfant avec notre formulaire d&rsquo;inscription en ligne en cliquant sur ce lien: <a href=\"https:\/\/docs.google.com\/forms\/d\/e\/1FAIpQLSdShlJ9mRoOUYEsXhAYtPtvUqUoF3BEQPLJD0L7tMyimj12Uw\/viewform?fbclid=IwAR2OL5tD3suZz3AIlNVD9xkQ738lTb73Rt5-EHOIEp9oPBXFveuskQYfpUA\" target=\"_blank\" rel=\"noopener\">Cliquez ici<\/a><\/span><\/p>\n<p><span style=\"font-family: 'comic sans ms', sans-serif; font-size: 14px;\">ou en prenant rendez-vous au 071\/55.68.28.<\/span><\/p>\n<div style=\"width: 640px;\" class=\"wp-video\"><video class=\"wp-video-shortcode\" id=\"video-25-1\" width=\"640\" height=\"432\" preload=\"metadata\" controls=\"controls\"><source type=\"video\/mp4\" src=\"http:\/\/ecole-sainte-therese.be\/wp-content\/uploads\/2020\/06\/received_2655356578433781.mp4?_=1\" \/><a href=\"http:\/\/ecole-sainte-therese.be\/wp-content\/uploads\/2020\/06\/received_2655356578433781.mp4\">http:\/\/ecole-sainte-therese.be\/wp-content\/uploads\/2020\/06\/received_2655356578433781.mp4<\/a><\/video><\/div>\n<p>&nbsp;<\/p>\n<p>&nbsp;<\/p>\n<p>&nbsp;<\/p>\n<hr \/>\n<div style=\"width: 720px;\" class=\"wp-video\"><video class=\"wp-video-shortcode\" id=\"video-25-2\" width=\"720\" height=\"480\" preload=\"metadata\" controls=\"controls\"><source type=\"video\/mp4\" src=\"http:\/\/ecole-sainte-therese.be\/wp-content\/uploads\/2020\/05\/received_872701806538954.mp4?_=2\" \/><a href=\"http:\/\/ecole-sainte-therese.be\/wp-content\/uploads\/2020\/05\/received_872701806538954.mp4\">http:\/\/ecole-sainte-therese.be\/wp-content\/uploads\/2020\/05\/received_872701806538954.mp4<\/a><\/video><\/div>\n<ul style=\"list-style-type: circle;\">\n<li><\/li>\n<\/ul>\n<p>&nbsp;<\/p>\n<p style=\"text-align: center;\"><span style=\"font-family: 'comic sans ms', sans-serif; font-size: 20px; color: #000000;\">Bonjour et bienvenue sur notre site !<\/span><\/p>\n<p style=\"text-align: center;\"><span style=\"font-family: 'comic sans ms', sans-serif; font-size: 20px; color: #000000;\">Vous pouvez d\u00e9couvrir ici les activit\u00e9s des enfants en classe ou \u00e0 l\u2019ext\u00e9rieur, suivre la vie de l\u2019\u00e9cole \u00e0 travers les blogs des enseignants et regarder les photos ou vid\u00e9os de vos enfants.<\/span><\/p>\n<p style=\"text-align: left;\"><span style=\"font-family: 'comic sans ms', sans-serif; font-size: 20px; color: #800080;\">Vous pouvez \u00e9galement t\u00e9l\u00e9charger des documents tels que:<\/span><\/p>\n<p style=\"text-align: left;\"><span style=\"font-family: 'comic sans ms', sans-serif; font-size: 20px; color: #800080;\">* Le justificatif d\u2019absences<\/span><\/p>\n<p style=\"text-align: left;\"><span style=\"font-family: 'comic sans ms', sans-serif; font-size: 20px; color: #800080;\">*les r\u00e8glements: \u00e9cole et accueil<\/span><\/p>\n<p style=\"text-align: left;\"><span style=\"font-family: 'comic sans ms', sans-serif; font-size: 20px; color: #800080;\">*le projet d\u2019\u00e9tablissement<\/span><\/p>\n<p style=\"text-align: left;\"><span style=\"font-family: 'comic sans ms', sans-serif; font-size: 20px; color: #800080;\">*les projets p\u00e9dagogiques: \u00e9cole et accueil<\/span><\/p>\n<p style=\"text-align: left;\"><span style=\"font-family: 'comic sans ms', sans-serif; font-size: 20px; color: #800080;\">\u00a0*le calendrier complet de l\u2019ann\u00e9e scolaire.<\/span><\/p>\n<p style=\"text-align: center;\"><span style=\"font-family: 'comic sans ms', sans-serif; font-size: 20px; color: #000000;\">Les dates importantes sont mises \u00e0 jour dans notre rubrique \u00ab\u00a0Agenda\u00a0\u00bb et dans le fil d\u2019actualit\u00e9\u00a0 \u00ab\u00a0En bref&#8230;\u00a0\u00bb.<\/span><\/p>\n<p style=\"text-align: center;\"><span style=\"font-family: 'comic sans ms', sans-serif; font-size: 20px; color: #000000;\">Bonne visite !<\/span><\/p>\n<div id=\"metaslider-id-27\" style=\"width: 100%;\" class=\"ml-slider-3-100-1 metaslider metaslider-flex metaslider-27 ml-slider ms-theme-default\" role=\"region\" aria-label=\"New Slideshow\" data-height=\"300\" data-width=\"700\">\n    <div id=\"metaslider_container_27\">\n        <div id=\"metaslider_27\">\n            <ul class='slides'>\n                <li style=\"display: block; width: 100%;\" class=\"slide-29 ms-image \" aria-roledescription=\"slide\" data-date=\"2019-11-07 00:16:50\"><img loading=\"lazy\" decoding=\"async\" src=\"https:\/\/ecole-sainte-therese.be\/wp-content\/uploads\/2019\/11\/P1040671-700x300.jpg\" height=\"300\" width=\"700\" alt=\"\" class=\"slider-27 slide-29 msDefaultImage\" title=\"P1040671\" \/><\/li>\n                <li style=\"display: none; width: 100%;\" class=\"slide-30 ms-image \" aria-roledescription=\"slide\" data-date=\"2019-11-07 00:16:50\"><img loading=\"lazy\" decoding=\"async\" src=\"https:\/\/ecole-sainte-therese.be\/wp-content\/uploads\/2019\/11\/P1040669-700x300.jpg\" height=\"300\" width=\"700\" alt=\"\" class=\"slider-27 slide-30 msDefaultImage\" title=\"P1040669\" \/><\/li>\n                <li style=\"display: none; width: 100%;\" class=\"slide-31 ms-image \" aria-roledescription=\"slide\" data-date=\"2019-11-07 00:16:50\"><img loading=\"lazy\" decoding=\"async\" src=\"https:\/\/ecole-sainte-therese.be\/wp-content\/uploads\/2019\/11\/P1040642-700x300.jpg\" height=\"300\" width=\"700\" alt=\"\" class=\"slider-27 slide-31 msDefaultImage\" title=\"P1040642\" \/><\/li>\n                <li style=\"display: none; width: 100%;\" class=\"slide-32 ms-image \" aria-roledescription=\"slide\" data-date=\"2019-11-07 00:16:50\"><img loading=\"lazy\" decoding=\"async\" src=\"https:\/\/ecole-sainte-therese.be\/wp-content\/uploads\/2019\/11\/P1040635-700x300.jpg\" height=\"300\" width=\"700\" alt=\"\" class=\"slider-27 slide-32 msDefaultImage\" title=\"P1040635\" \/><\/li>\n                <li style=\"display: none; width: 100%;\" class=\"slide-33 ms-image \" aria-roledescription=\"slide\" data-date=\"2019-11-07 00:16:50\"><img loading=\"lazy\" decoding=\"async\" src=\"https:\/\/ecole-sainte-therese.be\/wp-content\/uploads\/2019\/11\/IMG_0373-448x192.jpg\" height=\"300\" width=\"700\" alt=\"\" class=\"slider-27 slide-33 msDefaultImage\" title=\"IMG_0373\" \/><\/li>\n                <li style=\"display: none; width: 100%;\" class=\"slide-34 ms-image \" aria-roledescription=\"slide\" data-date=\"2019-11-07 00:16:50\"><img loading=\"lazy\" decoding=\"async\" src=\"https:\/\/ecole-sainte-therese.be\/wp-content\/uploads\/2019\/11\/DSCN7161-700x300.jpg\" height=\"300\" width=\"700\" alt=\"\" class=\"slider-27 slide-34 msDefaultImage\" title=\"DSCN7161\" \/><\/li>\n                <li style=\"display: none; width: 100%;\" class=\"slide-35 ms-image \" aria-roledescription=\"slide\" data-date=\"2019-11-07 00:16:50\"><img loading=\"lazy\" decoding=\"async\" src=\"https:\/\/ecole-sainte-therese.be\/wp-content\/uploads\/2019\/11\/DSCN7160-700x300.jpg\" height=\"300\" width=\"700\" alt=\"\" class=\"slider-27 slide-35 msDefaultImage\" title=\"DSCN7160\" \/><\/li>\n                <li style=\"display: none; width: 100%;\" class=\"slide-36 ms-image \" aria-roledescription=\"slide\" data-date=\"2019-11-07 00:16:50\"><img loading=\"lazy\" decoding=\"async\" src=\"https:\/\/ecole-sainte-therese.be\/wp-content\/uploads\/2019\/11\/20190227_091134-700x300.jpg\" height=\"300\" width=\"700\" alt=\"\" class=\"slider-27 slide-36 msDefaultImage\" title=\"20190227_091134\" \/><\/li>\n                <li style=\"display: none; width: 100%;\" class=\"slide-148 ms-image \" aria-roledescription=\"slide\" data-date=\"2019-11-08 10:02:00\"><img loading=\"lazy\" decoding=\"async\" src=\"https:\/\/ecole-sainte-therese.be\/wp-content\/uploads\/2019\/11\/verticale4-700x300.jpg\" height=\"300\" width=\"700\" alt=\"\" class=\"slider-27 slide-148 msDefaultImage\" title=\"verticale4\" \/><\/li>\n                <li style=\"display: none; width: 100%;\" class=\"slide-149 ms-image \" aria-roledescription=\"slide\" data-date=\"2019-11-08 10:02:00\"><img loading=\"lazy\" decoding=\"async\" src=\"https:\/\/ecole-sainte-therese.be\/wp-content\/uploads\/2019\/11\/verticale5-150x64.jpg\" height=\"300\" width=\"700\" alt=\"\" class=\"slider-27 slide-149 msDefaultImage\" title=\"verticale5\" \/><\/li>\n                <li style=\"display: none; width: 100%;\" class=\"slide-150 ms-image \" aria-roledescription=\"slide\" data-date=\"2019-11-08 10:02:00\"><img loading=\"lazy\" decoding=\"async\" src=\"https:\/\/ecole-sainte-therese.be\/wp-content\/uploads\/2019\/11\/verticale7-324x138.jpg\" height=\"300\" width=\"700\" alt=\"\" class=\"slider-27 slide-150 msDefaultImage\" title=\"verticale7\" \/><\/li>\n                <li style=\"display: none; width: 100%;\" class=\"slide-151 ms-image \" aria-roledescription=\"slide\" data-date=\"2019-11-08 10:02:00\"><img loading=\"lazy\" decoding=\"async\" src=\"https:\/\/ecole-sainte-therese.be\/wp-content\/uploads\/2019\/11\/verticale6-283x121.jpg\" height=\"300\" width=\"700\" alt=\"\" class=\"slider-27 slide-151 msDefaultImage\" title=\"verticale6\" \/><\/li>\n                <li style=\"display: none; width: 100%;\" class=\"slide-152 ms-image \" aria-roledescription=\"slide\" data-date=\"2019-11-08 10:02:00\"><img loading=\"lazy\" decoding=\"async\" src=\"https:\/\/ecole-sainte-therese.be\/wp-content\/uploads\/2019\/11\/verticale-1-293x125.jpg\" height=\"300\" width=\"700\" alt=\"\" class=\"slider-27 slide-152 msDefaultImage\" title=\"verticale\" \/><\/li>\n                <li style=\"display: none; width: 100%;\" class=\"slide-153 ms-image \" aria-roledescription=\"slide\" data-date=\"2019-11-08 10:02:00\"><img loading=\"lazy\" decoding=\"async\" src=\"https:\/\/ecole-sainte-therese.be\/wp-content\/uploads\/2019\/11\/verticale2-324x138.jpg\" height=\"300\" width=\"700\" alt=\"\" class=\"slider-27 slide-153 msDefaultImage\" title=\"verticale2\" \/><\/li>\n                <li style=\"display: none; width: 100%;\" class=\"slide-154 ms-image \" aria-roledescription=\"slide\" data-date=\"2019-11-08 10:02:00\"><img loading=\"lazy\" decoding=\"async\" src=\"https:\/\/ecole-sainte-therese.be\/wp-content\/uploads\/2019\/11\/verticale1-324x138.jpg\" height=\"300\" width=\"700\" alt=\"\" class=\"slider-27 slide-154 msDefaultImage\" title=\"verticale1\" \/><\/li>\n                <li style=\"display: none; width: 100%;\" class=\"slide-155 ms-image \" aria-roledescription=\"slide\" data-date=\"2019-11-08 10:02:00\"><img loading=\"lazy\" decoding=\"async\" src=\"https:\/\/ecole-sainte-therese.be\/wp-content\/uploads\/2019\/11\/verticale3-700x300.jpg\" height=\"300\" width=\"700\" alt=\"\" class=\"slider-27 slide-155 msDefaultImage\" title=\"verticale3\" \/><\/li>\n                <li style=\"display: none; width: 100%;\" class=\"slide-156 ms-image \" aria-roledescription=\"slide\" data-date=\"2019-11-08 10:02:00\"><img loading=\"lazy\" decoding=\"async\" src=\"https:\/\/ecole-sainte-therese.be\/wp-content\/uploads\/2019\/11\/verticale-293x125.jpg\" height=\"300\" width=\"700\" alt=\"\" class=\"slider-27 slide-156 msDefaultImage\" title=\"verticale\" \/><\/li>\n                <li style=\"display: none; width: 100%;\" class=\"slide-157 ms-image \" aria-roledescription=\"slide\" data-date=\"2019-11-08 10:02:00\"><img loading=\"lazy\" decoding=\"async\" src=\"https:\/\/ecole-sainte-therese.be\/wp-content\/uploads\/2019\/11\/IMG_1781-700x300.jpg\" height=\"300\" width=\"700\" alt=\"\" class=\"slider-27 slide-157 msDefaultImage\" title=\"IMG_1781\" \/><\/li>\n                <li style=\"display: none; width: 100%;\" class=\"slide-158 ms-image \" aria-roledescription=\"slide\" data-date=\"2019-11-08 10:02:00\"><img loading=\"lazy\" decoding=\"async\" src=\"https:\/\/ecole-sainte-therese.be\/wp-content\/uploads\/2019\/11\/IMG_1769-700x300.jpg\" height=\"300\" width=\"700\" alt=\"\" class=\"slider-27 slide-158 msDefaultImage\" title=\"IMG_1769\" \/><\/li>\n            <\/ul>\n        <\/div>\n        \n    <\/div>\n<\/div>\n<p>&nbsp;<\/p>\n","protected":false},"excerpt":{"rendered":"<p>&nbsp; &nbsp; Bonjour ! Pour nous contacter: T\u00e9l\u00e9phone : 071\/55.68.28 G. S. M. : 0476\/83.25.83 Mail: saintetherese6560@gmail.com &nbsp; Voici les documents de rentr\u00e9e 2024-2025: Informations et r\u00e8glement 24-25 Calendrier 24-25 &nbsp; Vous cherchez une \u00e9cole centr\u00e9e sur les besoins des enfants avec une \u00e9quipe dynamique qui s&rsquo;adapte \u00e0 toutes les situations et situ\u00e9e dans un &hellip; <\/p>\n<p><a class=\"more-link btn\" href=\"https:\/\/ecole-sainte-therese.be\/\">Lire la suite<\/a><\/p>\n","protected":false},"author":1,"featured_media":676,"parent":0,"menu_order":0,"comment_status":"closed","ping_status":"closed","template":"","meta":{"footnotes":""},"class_list":["post-25","page","type-page","status-publish","has-post-thumbnail","hentry","nodate","item-wrap"],"_links":{"self":[{"href":"https:\/\/ecole-sainte-therese.be\/index.php\/wp-json\/wp\/v2\/pages\/25","targetHints":{"allow":["GET"]}}],"collection":[{"href":"https:\/\/ecole-sainte-therese.be\/index.php\/wp-json\/wp\/v2\/pages"}],"about":[{"href":"https:\/\/ecole-sainte-therese.be\/index.php\/wp-json\/wp\/v2\/types\/page"}],"author":[{"embeddable":true,"href":"https:\/\/ecole-sainte-therese.be\/index.php\/wp-json\/wp\/v2\/users\/1"}],"replies":[{"embeddable":true,"href":"https:\/\/ecole-sainte-therese.be\/index.php\/wp-json\/wp\/v2\/comments?post=25"}],"version-history":[{"count":66,"href":"https:\/\/ecole-sainte-therese.be\/index.php\/wp-json\/wp\/v2\/pages\/25\/revisions"}],"predecessor-version":[{"id":839,"href":"https:\/\/ecole-sainte-therese.be\/index.php\/wp-json\/wp\/v2\/pages\/25\/revisions\/839"}],"wp:featuredmedia":[{"embeddable":true,"href":"https:\/\/ecole-sainte-therese.be\/index.php\/wp-json\/wp\/v2\/media\/676"}],"wp:attachment":[{"href":"https:\/\/ecole-sainte-therese.be\/index.php\/wp-json\/wp\/v2\/media?parent=25"}],"curies":[{"name":"wp","href":"https:\/\/api.w.org\/{rel}","templated":true}]}}